{"id":3470,"date":"2025-10-13T18:52:42","date_gmt":"2025-10-13T21:52:42","guid":{"rendered":"https:\/\/transparencia.uncoma.edu.ar\/?page_id=3470"},"modified":"2026-04-15T15:14:17","modified_gmt":"2026-04-15T18:14:17","slug":"transparencia-proactiva","status":"publish","type":"page","link":"https:\/\/transparencia.uncoma.edu.ar\/index.php\/transparencia-proactiva\/","title":{"rendered":"Transparencia Proactiva"},"content":{"rendered":"\t\t<div data-elementor-type=\"wp-page\" data-elementor-id=\"3470\" class=\"elementor elementor-3470\" data-elementor-post-type=\"page\">\n\t\t\t\t<div class=\"elementor-element elementor-element-60cea15 e-flex e-con-boxed e-con e-parent\" data-id=\"60cea15\" data-element_type=\"container\" data-e-type=\"container\">\n\t\t\t\t\t<div class=\"e-con-inner\">\n\t\t\t\t<div class=\"elementor-element elementor-element-ee04a61 e-n-tabs-mobile elementor-widget elementor-widget-n-tabs\" data-id=\"ee04a61\" data-element_type=\"widget\" data-e-type=\"widget\" data-widget_type=\"nested-tabs.default\">\n\t\t\t\t\t\t\t<div class=\"e-n-tabs\" data-widget-number=\"249580129\" aria-label=\"Pesta\u00f1as. Abre elementos con Intro o Espacio, ci\u00e9rralos con Escape y navega con las fechas.\">\n\t\t\t<div class=\"e-n-tabs-heading\" role=\"tablist\">\n\t\t\t\t\t<button id=\"e-n-tab-title-2495801291\" data-tab-title-id=\"e-n-tab-title-2495801291\" class=\"e-n-tab-title\" aria-selected=\"true\" data-tab-index=\"1\" role=\"tab\" tabindex=\"0\" aria-controls=\"e-n-tab-content-2495801291\" style=\"--n-tabs-title-order: 1;\">\n\t\t\t\t\t\t<span class=\"e-n-tab-title-text\">\n\t\t\t\tInicio\t\t\t<\/span>\n\t\t<\/button>\n\t\t\t\t<button id=\"e-n-tab-title-2495801292\" data-tab-title-id=\"e-n-tab-title-2495801292\" class=\"e-n-tab-title\" aria-selected=\"false\" data-tab-index=\"2\" role=\"tab\" tabindex=\"-1\" aria-controls=\"e-n-tab-content-2495801292\" style=\"--n-tabs-title-order: 2;\">\n\t\t\t\t\t\t<span class=\"e-n-tab-title-text\">\n\t\t\t\tEstad\u00edsticas\t\t\t<\/span>\n\t\t<\/button>\n\t\t\t\t<button id=\"e-n-tab-title-2495801293\" data-tab-title-id=\"e-n-tab-title-2495801293\" class=\"e-n-tab-title\" aria-selected=\"false\" data-tab-index=\"3\" role=\"tab\" tabindex=\"-1\" aria-controls=\"e-n-tab-content-2495801293\" style=\"--n-tabs-title-order: 3;\">\n\t\t\t\t\t\t<span class=\"e-n-tab-title-text\">\n\t\t\t\tPol\u00edtica de Integridad\t\t\t<\/span>\n\t\t<\/button>\n\t\t\t\t\t<\/div>\n\t\t\t<div class=\"e-n-tabs-content\">\n\t\t\t\t<div id=\"e-n-tab-content-2495801291\" role=\"tabpanel\" aria-labelledby=\"e-n-tab-title-2495801291\" data-tab-index=\"1\" style=\"--n-tabs-title-order: 1;\" class=\"e-active elementor-element elementor-element-a0dccd9 e-con-full e-flex elementor-invisible e-con e-child\" data-id=\"a0dccd9\" data-element_type=\"container\" data-e-type=\"container\" data-settings=\"{&quot;animation&quot;:&quot;fadeIn&quot;}\">\n\t\t\t\t<div class=\"elementor-element elementor-element-a8878fc elementor-widget elementor-widget-text-editor\" data-id=\"a8878fc\" data-element_type=\"widget\" data-e-type=\"widget\" data-widget_type=\"text-editor.default\">\n\t\t\t\t\t\t\t\t\t<h3>Transparencia Proactiva<\/h3><p>La transparencia proactiva es entendida como toda aquella informaci\u00f3n que los sujetos obligados divulgan de manera voluntaria, m\u00e1s all\u00e1 de las obligaciones que estipula la normativa vigente.<\/p>\t\t\t\t\t\t\t\t<\/div>\n\t\t\t\t<\/div>\n\t\t<div id=\"e-n-tab-content-2495801292\" role=\"tabpanel\" aria-labelledby=\"e-n-tab-title-2495801292\" data-tab-index=\"2\" style=\"--n-tabs-title-order: 2;\" class=\" elementor-element elementor-element-12d5b63 e-flex e-con-boxed elementor-invisible e-con e-child\" data-id=\"12d5b63\" data-element_type=\"container\" data-e-type=\"container\" data-settings=\"{&quot;animation&quot;:&quot;fadeIn&quot;}\">\n\t\t\t\t\t<div class=\"e-con-inner\">\n\t\t\t\t<div class=\"elementor-element elementor-element-8237547 elementor-widget elementor-widget-text-editor\" data-id=\"8237547\" data-element_type=\"widget\" data-e-type=\"widget\" data-widget_type=\"text-editor.default\">\n\t\t\t\t\t\t\t\t\t<h3>Estad\u00edsticas<\/h3><ul><li><a href=\"https:\/\/planeamiento.uncoma.edu.ar\/index.php\/informacion-y-estadisticas\/sintesis-estadistica-2024\/\" target=\"_blank\" rel=\"noopener\">S\u00edntesis Estad\u00edstica 2024<\/a><\/li><li><a href=\"https:\/\/planeamiento.uncoma.edu.ar\/index.php\/informacion-y-estadisticas\/sintesis-estadistica-2023\/\" target=\"_blank\" rel=\"noopener\">S\u00edntesis Estad\u00edstica 2023<\/a><\/li><li>S\u00edntesis Estad\u00edstica 2022<\/li><li><a href=\"https:\/\/opendata.fi.uncoma.edu.ar\/MapaWebUNCOma.html\" target=\"_blank\" rel=\"noopener\">Mapa web UNCo<\/a>\u00a0<\/li><\/ul>\t\t\t\t\t\t\t\t<\/div>\n\t\t\t\t\t<\/div>\n\t\t\t\t<\/div>\n\t\t<div id=\"e-n-tab-content-2495801293\" role=\"tabpanel\" aria-labelledby=\"e-n-tab-title-2495801293\" data-tab-index=\"3\" style=\"--n-tabs-title-order: 3;\" class=\" elementor-element elementor-element-55bc831 e-flex e-con-boxed e-con e-child\" data-id=\"55bc831\" data-element_type=\"container\" data-e-type=\"container\">\n\t\t\t\t\t<div class=\"e-con-inner\">\n\t\t\t\t<div class=\"elementor-element elementor-element-2c5de58 elementor-widget elementor-widget-text-editor\" data-id=\"2c5de58\" data-element_type=\"widget\" data-e-type=\"widget\" data-widget_type=\"text-editor.default\">\n\t\t\t\t\t\t\t\t\t<h3>Pol\u00edtica de Integridad<\/h3><p>Esta secci\u00f3n comprende los lineamientos y mecanismos que establece la Universidad para el desarrollo de una cultura \u00e9tica que busca garantizar la transparencia y la rendici\u00f3n de cuentas.<\/p><p><strong>G\u00e9nero<\/strong><\/p><ul><li><a href=\"https:\/\/transparencia.uncoma.edu.ar\/wp-content\/uploads\/2025\/10\/046_ORDENANZA_0329-2011.pdf\" target=\"_blank\" rel=\"noopener\">Ordenanza 329\/2011<\/a><\/li><li><a href=\"https:\/\/transparencia.uncoma.edu.ar\/wp-content\/uploads\/2025\/10\/047_ORDENANZA_0387-2019_Adherir_a_la-_Ley_Micaela_de_Capacitacion_Obligatoria_en_Genero.pdf\" target=\"_blank\" rel=\"noopener\">Ordenanza 387\/2019<\/a><\/li><\/ul><p><strong>Violencia Sexista<\/strong><\/p><ul><li><a href=\"https:\/\/transparencia.uncoma.edu.ar\/wp-content\/uploads\/2025\/10\/048_ORDENANZA_1281-2013_Protocolo_de_intervencion_institucional_ante_violencia_sexista.pdf\" target=\"_blank\" rel=\"noopener\">Ordenanza 1281\/2013<\/a><\/li><li><a href=\"https:\/\/transparencia.uncoma.edu.ar\/wp-content\/uploads\/2025\/10\/049_ORDENANZA_1572-2014.pdf\" target=\"_blank\" rel=\"noopener\">Ordenanza 1572\/2014<\/a><\/li><\/ul><p><strong>Sanciones Docentes &#8211; Juicio Acad\u00e9mico<\/strong><\/p><ul><li><a href=\"https:\/\/transparencia.uncoma.edu.ar\/wp-content\/uploads\/2025\/10\/050_ORDENANZA_0597-1988-Aprobar-el-Reglamento-de-Sanciones-al-Personal-Docente.pdf\" target=\"_blank\" rel=\"noopener\">Ordenanza 597\/1988<\/a><\/li><li><a href=\"https:\/\/transparencia.uncoma.edu.ar\/wp-content\/uploads\/2025\/10\/051-ORDENANZA-649-1989-Reglamento-de-Juicio-Academico.pdf\" target=\"_blank\" rel=\"noopener\">Ordenanza 649\/1989<\/a><\/li><\/ul><p><strong>Pol\u00edtica General de Prevenci\u00f3n y Abordaje de Situaciones de Conflicto, Discriminaci\u00f3n y todo tipo de Violencia en el \u00e1mbito de la Universidad Nacional del Comahue<\/strong><\/p><ul><li><a href=\"http:\/\/transparencia.uncoma.edu.ar\/wp-content\/uploads\/2026\/04\/ord_1126_2026_55.pdf\">Ordenanza 1126\/2026<\/a><\/li><\/ul>\t\t\t\t\t\t\t\t<\/div>\n\t\t\t\t\t<\/div>\n\t\t\t\t<\/div>\n\t\t\t\t\t<\/div>\n\t\t<\/div>\n\t\t\t\t\t\t<\/div>\n\t\t\t\t\t<\/div>\n\t\t\t\t<\/div>\n\t\t<div class=\"elementor-element elementor-element-d8bbe7d e-flex e-con-boxed e-con e-parent\" data-id=\"d8bbe7d\" data-element_type=\"container\" data-e-type=\"container\">\n\t\t\t\t\t<div class=\"e-con-inner\">\n\t\t\t\t<div class=\"elementor-element elementor-element-e369d46 elementor-widget elementor-widget-spacer\" data-id=\"e369d46\" data-element_type=\"widget\" data-e-type=\"widget\" data-widget_type=\"spacer.default\">\n\t\t\t\t\t\t\t<div class=\"elementor-spacer\">\n\t\t\t<div class=\"elementor-spacer-inner\"><\/div>\n\t\t<\/div>\n\t\t\t\t\t\t<\/div>\n\t\t\t\t\t<\/div>\n\t\t\t\t<\/div>\n\t\t\t\t<\/div>\n\t\t","protected":false},"excerpt":{"rendered":"<p>Inicio Estad\u00edsticas Pol\u00edtica de Integridad Transparencia Proactiva La transparencia proactiva es entendida como toda aquella informaci\u00f3n que los sujetos obligados divulgan de manera voluntaria, m\u00e1s all\u00e1 de las obligaciones que estipula la normativa vigente. Estad\u00edsticas S\u00edntesis Estad\u00edstica 2024 S\u00edntesis Estad\u00edstica 2023 S\u00edntesis Estad\u00edstica 2022 Mapa web UNCo\u00a0 Pol\u00edtica de Integridad Esta secci\u00f3n comprende los lineamientos [&hellip;]<\/p>\n","protected":false},"author":1,"featured_media":2063,"parent":0,"menu_order":0,"comment_status":"closed","ping_status":"closed","template":"","meta":{"footnotes":""},"class_list":["post-3470","page","type-page","status-publish","has-post-thumbnail","hentry"],"_links":{"self":[{"href":"https:\/\/transparencia.uncoma.edu.ar\/index.php\/wp-json\/wp\/v2\/pages\/3470","targetHints":{"allow":["GET"]}}],"collection":[{"href":"https:\/\/transparencia.uncoma.edu.ar\/index.php\/wp-json\/wp\/v2\/pages"}],"about":[{"href":"https:\/\/transparencia.uncoma.edu.ar\/index.php\/wp-json\/wp\/v2\/types\/page"}],"author":[{"embeddable":true,"href":"https:\/\/transparencia.uncoma.edu.ar\/index.php\/wp-json\/wp\/v2\/users\/1"}],"replies":[{"embeddable":true,"href":"https:\/\/transparencia.uncoma.edu.ar\/index.php\/wp-json\/wp\/v2\/comments?post=3470"}],"version-history":[{"count":39,"href":"https:\/\/transparencia.uncoma.edu.ar\/index.php\/wp-json\/wp\/v2\/pages\/3470\/revisions"}],"predecessor-version":[{"id":4142,"href":"https:\/\/transparencia.uncoma.edu.ar\/index.php\/wp-json\/wp\/v2\/pages\/3470\/revisions\/4142"}],"wp:featuredmedia":[{"embeddable":true,"href":"https:\/\/transparencia.uncoma.edu.ar\/index.php\/wp-json\/wp\/v2\/media\/2063"}],"wp:attachment":[{"href":"https:\/\/transparencia.uncoma.edu.ar\/index.php\/wp-json\/wp\/v2\/media?parent=3470"}],"curies":[{"name":"wp","href":"https:\/\/api.w.org\/{rel}","templated":true}]}}