{"id":1042,"date":"2025-03-26T15:45:20","date_gmt":"2025-03-26T15:45:20","guid":{"rendered":"http:\/\/170.210.81.163\/transparencia-1\/?page_id=1042"},"modified":"2025-10-14T13:41:10","modified_gmt":"2025-10-14T16:41:10","slug":"contacto","status":"publish","type":"page","link":"https:\/\/transparencia.uncoma.edu.ar\/index.php\/contacto\/","title":{"rendered":"Contacto"},"content":{"rendered":"\t\t<div data-elementor-type=\"wp-page\" data-elementor-id=\"1042\" class=\"elementor elementor-1042\" data-elementor-post-type=\"page\">\n\t\t\t\t<div class=\"elementor-element elementor-element-8480509 elementor-hidden-desktop elementor-hidden-tablet elementor-hidden-mobile e-flex e-con-boxed e-con e-parent\" data-id=\"8480509\" data-element_type=\"container\" data-e-type=\"container\" data-settings=\"{&quot;background_background&quot;:&quot;classic&quot;}\">\n\t\t\t\t\t<div class=\"e-con-inner\">\n\t\t<div class=\"elementor-element elementor-element-ab6074c e-con-full e-flex e-con e-child\" data-id=\"ab6074c\" data-element_type=\"container\" data-e-type=\"container\">\n\t\t<div class=\"elementor-element elementor-element-6114e69 e-con-full e-flex e-con e-child\" data-id=\"6114e69\" data-element_type=\"container\" data-e-type=\"container\">\n\t\t<div class=\"elementor-element elementor-element-6f00434 e-con-full e-flex e-con e-child\" data-id=\"6f00434\" data-element_type=\"container\" data-e-type=\"container\">\n\t\t\t\t<div class=\"elementor-element elementor-element-1f4a7a2 elementor-invisible elementor-widget elementor-widget-heading\" data-id=\"1f4a7a2\" data-element_type=\"widget\" data-e-type=\"widget\" data-settings=\"{&quot;_animation&quot;:&quot;fadeIn&quot;}\" data-widget_type=\"heading.default\">\n\t\t\t\t\t<h2 class=\"elementor-heading-title elementor-size-default\">Informaci\u00f3n<\/h2>\t\t\t\t<\/div>\n\t\t\t\t<div class=\"elementor-element elementor-element-4d3f707 elementor-widget-divider--view-line elementor-widget elementor-widget-divider\" data-id=\"4d3f707\" data-element_type=\"widget\" data-e-type=\"widget\" data-widget_type=\"divider.default\">\n\t\t\t\t\t\t\t<div class=\"elementor-divider\">\n\t\t\t<span class=\"elementor-divider-separator\">\n\t\t\t\t\t\t<\/span>\n\t\t<\/div>\n\t\t\t\t\t\t<\/div>\n\t\t\t\t<div class=\"elementor-element elementor-element-3619f8c elementor-widget elementor-widget-heading\" data-id=\"3619f8c\" data-element_type=\"widget\" data-e-type=\"widget\" data-widget_type=\"heading.default\">\n\t\t\t\t\t<h2 class=\"elementor-heading-title elementor-size-default\">Pasos para solicitar informaci\u00f3n:<\/h2>\t\t\t\t<\/div>\n\t\t\t\t<div class=\"elementor-element elementor-element-b8b52b8 elementor-widget elementor-widget-text-editor\" data-id=\"b8b52b8\" data-element_type=\"widget\" data-e-type=\"widget\" data-widget_type=\"text-editor.default\">\n\t\t\t\t\t\t\t\t\t<ol data-start=\"289\" data-end=\"636\"><li class=\"\" data-start=\"289\" data-end=\"357\"><p class=\"\" data-start=\"292\" data-end=\"357\"><strong data-start=\"292\" data-end=\"311\">Ve al sitio web<\/strong> donde se encuentra el formulario de contacto.<\/p><\/li><li class=\"\" data-start=\"358\" data-end=\"482\"><p class=\"\" data-start=\"361\" data-end=\"399\"><strong data-start=\"361\" data-end=\"392\">Llena los campos requeridos<\/strong>, como:<\/p><ul data-start=\"403\" data-end=\"482\"><li class=\"\" data-start=\"403\" data-end=\"411\"><p class=\"\" data-start=\"405\" data-end=\"411\">Nombre<\/p><\/li><li class=\"\" data-start=\"415\" data-end=\"435\"><p class=\"\" data-start=\"417\" data-end=\"435\">Correo electr\u00f3nico<\/p><\/li><li class=\"\" data-start=\"439\" data-end=\"469\"><p class=\"\" data-start=\"441\" data-end=\"469\">Asunto o motivo del contacto<\/p><\/li><li class=\"\" data-start=\"473\" data-end=\"482\"><p class=\"\" data-start=\"475\" data-end=\"482\">Mensaje<\/p><\/li><\/ul><\/li><li class=\"\" data-start=\"483\" data-end=\"552\"><p class=\"\" data-start=\"486\" data-end=\"552\"><strong data-start=\"486\" data-end=\"527\">Escribe un mensaje claro y espec\u00edfico<\/strong> con lo que deseas saber.<\/p><\/li><li class=\"\" data-start=\"553\" data-end=\"636\"><p class=\"\" data-start=\"556\" data-end=\"636\"><strong data-start=\"556\" data-end=\"579\">Env\u00eda el formulario<\/strong> y espera la respuesta al correo que hayas proporcionado.<\/p><\/li><\/ol>\t\t\t\t\t\t\t\t<\/div>\n\t\t\t\t<\/div>\n\t\t\t\t<\/div>\n\t\t<div class=\"elementor-element elementor-element-576579b e-con-full e-flex e-con e-child\" data-id=\"576579b\" data-element_type=\"container\" data-e-type=\"container\">\n\t\t<div class=\"elementor-element elementor-element-285c4b8 e-con-full e-flex e-con e-child\" data-id=\"285c4b8\" data-element_type=\"container\" data-e-type=\"container\" data-settings=\"{&quot;background_background&quot;:&quot;classic&quot;}\">\n\t\t\t\t<div class=\"elementor-element elementor-element-b0ab2d9 elementor-widget elementor-widget-spacer\" data-id=\"b0ab2d9\" data-element_type=\"widget\" data-e-type=\"widget\" data-widget_type=\"spacer.default\">\n\t\t\t\t\t\t\t<div class=\"elementor-spacer\">\n\t\t\t<div class=\"elementor-spacer-inner\"><\/div>\n\t\t<\/div>\n\t\t\t\t\t\t<\/div>\n\t\t\t\t<\/div>\n\t\t<section class=\"elementor-element elementor-element-ab06d06 e-con-full e-flex e-con e-child\" data-id=\"ab06d06\" data-element_type=\"container\" data-e-type=\"container\" data-settings=\"{&quot;background_background&quot;:&quot;classic&quot;}\">\n\t\t\t\t<div class=\"elementor-element elementor-element-8ac3b12 elementor-view-default elementor-widget elementor-widget-icon\" data-id=\"8ac3b12\" data-element_type=\"widget\" data-e-type=\"widget\" data-widget_type=\"icon.default\">\n\t\t\t\t\t\t\t<div class=\"elementor-icon-wrapper\">\n\t\t\t<div class=\"elementor-icon\">\n\t\t\t<svg aria-hidden=\"true\" class=\"e-font-icon-svg e-fas-phone\" viewBox=\"0 0 512 512\" xmlns=\"http:\/\/www.w3.org\/2000\/svg\"><path d=\"M493.4 24.6l-104-24c-11.3-2.6-22.9 3.3-27.5 13.9l-48 112c-4.2 9.8-1.4 21.3 6.9 28l60.6 49.6c-36 76.7-98.9 140.5-177.2 177.2l-49.6-60.6c-6.8-8.3-18.2-11.1-28-6.9l-112 48C3.9 366.5-2 378.1.6 389.4l24 104C27.1 504.2 36.7 512 48 512c256.1 0 464-207.5 464-464 0-11.2-7.7-20.9-18.6-23.4z\"><\/path><\/svg>\t\t\t<\/div>\n\t\t<\/div>\n\t\t\t\t\t\t<\/div>\n\t\t\t\t<div class=\"elementor-element elementor-element-cd79fd2 elementor-invisible elementor-widget elementor-widget-heading\" data-id=\"cd79fd2\" data-element_type=\"widget\" data-e-type=\"widget\" data-settings=\"{&quot;_animation&quot;:&quot;fadeIn&quot;}\" data-widget_type=\"heading.default\">\n\t\t\t\t\t<h3 class=\"elementor-heading-title elementor-size-default\">TEL\u00c9FONOS<\/h3>\t\t\t\t<\/div>\n\t\t\t\t<div class=\"elementor-element elementor-element-7a4046c elementor-widget__width-initial elementor-widget-divider--view-line elementor-widget elementor-widget-divider\" data-id=\"7a4046c\" data-element_type=\"widget\" data-e-type=\"widget\" data-widget_type=\"divider.default\">\n\t\t\t\t\t\t\t<div class=\"elementor-divider\">\n\t\t\t<span class=\"elementor-divider-separator\">\n\t\t\t\t\t\t<\/span>\n\t\t<\/div>\n\t\t\t\t\t\t<\/div>\n\t\t\t\t<div class=\"elementor-element elementor-element-9946245 elementor-widget__width-auto elementor-widget-tablet__width-initial elementor-widget elementor-widget-text-editor\" data-id=\"9946245\" data-element_type=\"widget\" data-e-type=\"widget\" data-widget_type=\"text-editor.default\">\n\t\t\t\t\t\t\t\t\t<p>+54 299 44090300<\/p><p>+54 299 440903022<\/p>\t\t\t\t\t\t\t\t<\/div>\n\t\t\t\t<\/section>\n\t\t\t\t<\/div>\n\t\t\t\t<\/div>\n\t\t<div class=\"elementor-element elementor-element-9ee476f e-con-full e-flex e-con e-child\" data-id=\"9ee476f\" data-element_type=\"container\" data-e-type=\"container\" data-settings=\"{&quot;background_background&quot;:&quot;classic&quot;}\">\n\t\t\t\t<div class=\"elementor-element elementor-element-08e8aa1 elementor-invisible elementor-widget elementor-widget-heading\" data-id=\"08e8aa1\" data-element_type=\"widget\" data-e-type=\"widget\" data-settings=\"{&quot;_animation&quot;:&quot;fadeIn&quot;}\" data-widget_type=\"heading.default\">\n\t\t\t\t\t<span class=\"elementor-heading-title elementor-size-default\">DATOS ABIERTOS Y <br> ESTAD\u00cdSTICAS<\/span>\t\t\t\t<\/div>\n\t\t\t\t<div class=\"elementor-element elementor-element-d5a8183 elementor-widget elementor-widget-heading\" data-id=\"d5a8183\" data-element_type=\"widget\" data-e-type=\"widget\" data-widget_type=\"heading.default\">\n\t\t\t\t\t<span class=\"elementor-heading-title elementor-size-default\">\u00bfQu\u00e9 quiere saber?<\/span>\t\t\t\t<\/div>\n\t\t\t\t<div class=\"elementor-element elementor-element-b76d89a elementor-button-align-stretch elementor-widget elementor-widget-form\" data-id=\"b76d89a\" data-element_type=\"widget\" data-e-type=\"widget\" data-settings=\"{&quot;step_next_label&quot;:&quot;Next&quot;,&quot;step_previous_label&quot;:&quot;Previous&quot;,&quot;step_type&quot;:&quot;text&quot;,&quot;button_width&quot;:&quot;100&quot;}\" data-widget_type=\"form.default\">\n\t\t\t\t\t\t\t<form class=\"elementor-form\" method=\"post\" name=\"New Form\" aria-label=\"New Form\">\r\n\t\t\t<input type=\"hidden\" name=\"post_id\" value=\"1042\"\/>\r\n\t\t\t<input type=\"hidden\" name=\"form_id\" value=\"b76d89a\"\/>\r\n\t\t\t<input type=\"hidden\" name=\"referer_title\" value=\"Contacto\" \/>\r\n\r\n\t\t\t\t\t\t\t<input type=\"hidden\" name=\"queried_id\" value=\"1042\"\/>\r\n\t\t\t\r\n\t\t\t<div class=\"elementor-form-fields-wrapper elementor-labels-above\">\r\n\t\t\t\t\t\t\t\t<div class=\"elementor-field-type-text elementor-field-group elementor-column elementor-field-group-name elementor-col-50 elementor-field-required\">\r\n\t\t\t\t\t\t\t\t\t\t\t\t<label for=\"form-field-name\" class=\"elementor-field-label\">\r\n\t\t\t\t\t\t\t\tNombres\t\t\t\t\t\t\t<\/label>\r\n\t\t\t\t\t\t\t\t\t\t\t\t\t\t<input size=\"1\" type=\"text\" name=\"form_fields[name]\" id=\"form-field-name\" class=\"elementor-field elementor-size-sm  elementor-field-textual\" required=\"required\">\r\n\t\t\t\t\t\t\t\t\t\t\t<\/div>\r\n\t\t\t\t\t\t\t\t<div class=\"elementor-field-type-text elementor-field-group elementor-column elementor-field-group-field_1 elementor-col-50 elementor-field-required\">\r\n\t\t\t\t\t\t\t\t\t\t\t\t<label for=\"form-field-field_1\" class=\"elementor-field-label\">\r\n\t\t\t\t\t\t\t\tApellidos\t\t\t\t\t\t\t<\/label>\r\n\t\t\t\t\t\t\t\t\t\t\t\t\t\t<input size=\"1\" type=\"text\" name=\"form_fields[field_1]\" id=\"form-field-field_1\" class=\"elementor-field elementor-size-sm  elementor-field-textual\" required=\"required\">\r\n\t\t\t\t\t\t\t\t\t\t\t<\/div>\r\n\t\t\t\t\t\t\t\t<div class=\"elementor-field-type-email elementor-field-group elementor-column elementor-field-group-email elementor-col-50 elementor-field-required\">\r\n\t\t\t\t\t\t\t\t\t\t\t\t<label for=\"form-field-email\" class=\"elementor-field-label\">\r\n\t\t\t\t\t\t\t\tCorreo electr\u00f3nico:\t\t\t\t\t\t\t<\/label>\r\n\t\t\t\t\t\t\t\t\t\t\t\t\t\t<input size=\"1\" type=\"email\" name=\"form_fields[email]\" id=\"form-field-email\" class=\"elementor-field elementor-size-sm  elementor-field-textual\" required=\"required\">\r\n\t\t\t\t\t\t\t\t\t\t\t<\/div>\r\n\t\t\t\t\t\t\t\t<div class=\"elementor-field-type-number elementor-field-group elementor-column elementor-field-group-field_2 elementor-col-50 elementor-field-required\">\r\n\t\t\t\t\t\t\t\t\t\t\t\t<label for=\"form-field-field_2\" class=\"elementor-field-label\">\r\n\t\t\t\t\t\t\t\tC\u00f3digo de \u00c1rea\t\t\t\t\t\t\t<\/label>\r\n\t\t\t\t\t\t\t\t\t<input type=\"number\" name=\"form_fields[field_2]\" id=\"form-field-field_2\" class=\"elementor-field elementor-size-sm  elementor-field-textual\" required=\"required\" min=\"\" max=\"\" >\r\n\t\t\t\t\t\t<\/div>\r\n\t\t\t\t\t\t\t\t<div class=\"elementor-field-type-text elementor-field-group elementor-column elementor-field-group-field_3734f54 elementor-col-100\">\r\n\t\t\t\t\t\t\t\t\t\t\t\t<label for=\"form-field-field_3734f54\" class=\"elementor-field-label\">\r\n\t\t\t\t\t\t\t\tAsunto:\t\t\t\t\t\t\t<\/label>\r\n\t\t\t\t\t\t\t\t\t\t\t\t\t\t<input size=\"1\" type=\"text\" name=\"form_fields[field_3734f54]\" id=\"form-field-field_3734f54\" class=\"elementor-field elementor-size-sm  elementor-field-textual\">\r\n\t\t\t\t\t\t\t\t\t\t\t<\/div>\r\n\t\t\t\t\t\t\t\t<div class=\"elementor-field-type-text elementor-field-group elementor-column elementor-field-group-field_3 elementor-col-100 elementor-field-required\">\r\n\t\t\t\t\t\t\t\t\t\t\t\t<label for=\"form-field-field_3\" class=\"elementor-field-label\">\r\n\t\t\t\t\t\t\t\tMensaje:\t\t\t\t\t\t\t<\/label>\r\n\t\t\t\t\t\t\t\t\t\t\t\t\t\t<input size=\"1\" type=\"text\" name=\"form_fields[field_3]\" id=\"form-field-field_3\" class=\"elementor-field elementor-size-sm  elementor-field-textual\" required=\"required\">\r\n\t\t\t\t\t\t\t\t\t\t\t<\/div>\r\n\t\t\t\t\t\t\t\t<div class=\"elementor-field-group elementor-column elementor-field-type-submit elementor-col-100 e-form__buttons\">\r\n\t\t\t\t\t<button class=\"elementor-button elementor-size-sm\" type=\"submit\">\r\n\t\t\t\t\t\t<span class=\"elementor-button-content-wrapper\">\r\n\t\t\t\t\t\t\t\t\t\t\t\t\t\t\t\t\t\t\t\t\t\t<span class=\"elementor-button-text\">Enviar<\/span>\r\n\t\t\t\t\t\t\t\t\t\t\t\t\t<\/span>\r\n\t\t\t\t\t<\/button>\r\n\t\t\t\t<\/div>\r\n\t\t\t<\/div>\r\n\t\t<\/form>\r\n\t\t\t\t\t\t<\/div>\n\t\t\t\t<\/div>\n\t\t\t\t\t<\/div>\n\t\t\t\t<\/div>\n\t\t<div class=\"elementor-element elementor-element-1311916 e-flex e-con-boxed e-con e-parent\" data-id=\"1311916\" data-element_type=\"container\" data-e-type=\"container\">\n\t\t\t\t\t<div class=\"e-con-inner\">\n\t\t<div class=\"elementor-element elementor-element-501afca e-con-full e-flex e-con e-child\" data-id=\"501afca\" data-element_type=\"container\" data-e-type=\"container\">\n\t\t<div class=\"elementor-element elementor-element-613281b e-con-full e-flex e-con e-child\" data-id=\"613281b\" data-element_type=\"container\" data-e-type=\"container\">\n\t\t\t\t<div class=\"elementor-element elementor-element-601b20a elementor-widget elementor-widget-text-editor\" data-id=\"601b20a\" data-element_type=\"widget\" data-e-type=\"widget\" data-widget_type=\"text-editor.default\">\n\t\t\t\t\t\t\t\t\t<p><strong>Datos del \u00e1rea encargada y del Responsable de Pol\u00edticas de Transparencia<\/strong><\/p><p align=\"left\"><span style=\"font-family: Montserrat;\"><span style=\"font-size: medium;\">Contactate con la persona Responsable de Acceso a la Informaci\u00f3n P\u00fablica:<\/span><\/span><\/p><ul><li><p align=\"left\"><span style=\"font-family: Montserrat;\"><span style=\"font-size: medium;\">Nombre y Apellido: Dr. Santiago Alejandro N\u00da\u00d1EZ<\/span><\/span><\/p><\/li><li><p align=\"left\"><span style=\"font-family: Montserrat;\"><span style=\"font-size: medium;\">Correo electr\u00f3nico: <\/span><\/span><span style=\"color: #2b537c;\"><span style=\"font-family: Montserrat;\"><span style=\"font-size: medium;\">transparencia@central.uncoma.edu.ar<\/span><\/span><\/span><\/p><\/li><li><p align=\"left\"><span style=\"font-family: Montserrat;\"><span style=\"font-size: medium;\">Tel\u00e9fono: (0299) 4490300 int. 374 o 214<\/span><\/span><\/p><\/li><\/ul>\t\t\t\t\t\t\t\t<\/div>\n\t\t\t\t<\/div>\n\t\t<div class=\"elementor-element elementor-element-4a58adb e-con-full elementor-hidden-mobile e-flex e-con e-child\" data-id=\"4a58adb\" data-element_type=\"container\" data-e-type=\"container\">\n\t\t\t\t<div class=\"elementor-element elementor-element-883adba elementor-widget elementor-widget-n-carousel\" data-id=\"883adba\" data-element_type=\"widget\" data-e-type=\"widget\" data-settings=\"{&quot;carousel_items&quot;:[{&quot;slide_title&quot;:&quot;Slide #1&quot;,&quot;_id&quot;:&quot;c6374cf&quot;},{&quot;slide_title&quot;:&quot;Slide #2&quot;,&quot;_id&quot;:&quot;9c4ad4a&quot;},{&quot;slide_title&quot;:&quot;Slide #3&quot;,&quot;_id&quot;:&quot;459b883&quot;}],&quot;slides_to_show&quot;:&quot;1&quot;,&quot;autoplay_speed&quot;:3000,&quot;speed&quot;:600,&quot;slides_to_show_tablet&quot;:&quot;2&quot;,&quot;slides_to_show_mobile&quot;:&quot;1&quot;,&quot;autoplay&quot;:&quot;yes&quot;,&quot;infinite&quot;:&quot;yes&quot;,&quot;offset_sides&quot;:&quot;none&quot;,&quot;image_spacing_custom&quot;:{&quot;unit&quot;:&quot;px&quot;,&quot;size&quot;:10,&quot;sizes&quot;:[]},&quot;image_spacing_custom_tablet&quot;:{&quot;unit&quot;:&quot;px&quot;,&quot;size&quot;:&quot;&quot;,&quot;sizes&quot;:[]},&quot;image_spacing_custom_mobile&quot;:{&quot;unit&quot;:&quot;px&quot;,&quot;size&quot;:&quot;&quot;,&quot;sizes&quot;:[]}}\" data-widget_type=\"nested-carousel.default\">\n\t\t\t\t\t\t\t<div class=\"e-n-carousel swiper\" role=\"region\" aria-roledescription=\"carousel\" aria-label=\"Carousel\" dir=\"ltr\">\r\n\t\t\t<div class=\"swiper-wrapper\" aria-live=\"off\">\r\n\t\t\t\t\t\t\t\t\t\t<div class=\"swiper-slide\" data-slide=\"1\" role=\"group\" aria-roledescription=\"slide\" aria-label=\"1 of 3\">\r\n\t\t\t\t\t\t\t<div class=\"elementor-element elementor-element-2702729 e-flex e-con-boxed e-con e-child\" data-id=\"2702729\" data-element_type=\"container\" data-e-type=\"container\">\n\t\t\t\t\t<div class=\"e-con-inner\">\n\t\t\t\t<div class=\"elementor-element elementor-element-3159f88 elementor-widget elementor-widget-image\" data-id=\"3159f88\" data-element_type=\"widget\" data-e-type=\"widget\" data-widget_type=\"image.default\">\n\t\t\t\t\t\t\t\t\t\t\t\t\t\t\t<img fetchpriority=\"high\" decoding=\"async\" width=\"300\" height=\"300\" src=\"https:\/\/transparencia.uncoma.edu.ar\/wp-content\/uploads\/2025\/06\/logo-unco.png\" class=\"attachment-large size-large wp-image-1749\" alt=\"\" srcset=\"https:\/\/transparencia.uncoma.edu.ar\/wp-content\/uploads\/2025\/06\/logo-unco.png 300w, https:\/\/transparencia.uncoma.edu.ar\/wp-content\/uploads\/2025\/06\/logo-unco-150x150.png 150w\" sizes=\"(max-width: 300px) 100vw, 300px\" \/>\t\t\t\t\t\t\t\t\t\t\t\t\t\t\t<\/div>\n\t\t\t\t\t<\/div>\n\t\t\t\t<\/div>\n\t\t\t\t\t\t\t\t<\/div>\r\n\t\t\t\t\t\t\t\t\t\t\t<div class=\"swiper-slide\" data-slide=\"2\" role=\"group\" aria-roledescription=\"slide\" aria-label=\"2 of 3\">\r\n\t\t\t\t\t\t\t<div class=\"elementor-element elementor-element-b1a4983 e-flex e-con-boxed e-con e-child\" data-id=\"b1a4983\" data-element_type=\"container\" data-e-type=\"container\">\n\t\t\t\t\t<div class=\"e-con-inner\">\n\t\t\t\t<div class=\"elementor-element elementor-element-695fb81 elementor-widget elementor-widget-image\" data-id=\"695fb81\" data-element_type=\"widget\" data-e-type=\"widget\" data-widget_type=\"image.default\">\n\t\t\t\t\t\t\t\t\t\t\t\t\t\t\t<img decoding=\"async\" width=\"189\" height=\"267\" src=\"https:\/\/transparencia.uncoma.edu.ar\/wp-content\/uploads\/2025\/06\/descarga.png\" class=\"attachment-large size-large wp-image-2042\" alt=\"\" \/>\t\t\t\t\t\t\t\t\t\t\t\t\t\t\t<\/div>\n\t\t\t\t\t<\/div>\n\t\t\t\t<\/div>\n\t\t\t\t\t\t\t\t<\/div>\r\n\t\t\t\t\t\t\t\t\t\t\t<div class=\"swiper-slide\" data-slide=\"3\" role=\"group\" aria-roledescription=\"slide\" aria-label=\"3 of 3\">\r\n\t\t\t\t\t\t\t<div class=\"elementor-element elementor-element-0fe0393 e-flex e-con-boxed e-con e-child\" data-id=\"0fe0393\" data-element_type=\"container\" data-e-type=\"container\">\n\t\t\t\t\t<div class=\"e-con-inner\">\n\t\t\t\t<div class=\"elementor-element elementor-element-3be01d1 elementor-widget elementor-widget-image\" data-id=\"3be01d1\" data-element_type=\"widget\" data-e-type=\"widget\" data-widget_type=\"image.default\">\n\t\t\t\t\t\t\t\t\t\t\t\t\t\t\t<img decoding=\"async\" width=\"512\" height=\"512\" src=\"https:\/\/transparencia.uncoma.edu.ar\/wp-content\/uploads\/2025\/06\/cropped-Portal-de-Transparencia-Lupa-1.png\" class=\"attachment-large size-large wp-image-2124\" alt=\"\" srcset=\"https:\/\/transparencia.uncoma.edu.ar\/wp-content\/uploads\/2025\/06\/cropped-Portal-de-Transparencia-Lupa-1.png 512w, https:\/\/transparencia.uncoma.edu.ar\/wp-content\/uploads\/2025\/06\/cropped-Portal-de-Transparencia-Lupa-1-300x300.png 300w, https:\/\/transparencia.uncoma.edu.ar\/wp-content\/uploads\/2025\/06\/cropped-Portal-de-Transparencia-Lupa-1-150x150.png 150w, https:\/\/transparencia.uncoma.edu.ar\/wp-content\/uploads\/2025\/06\/cropped-Portal-de-Transparencia-Lupa-1-270x270.png 270w, https:\/\/transparencia.uncoma.edu.ar\/wp-content\/uploads\/2025\/06\/cropped-Portal-de-Transparencia-Lupa-1-192x192.png 192w, https:\/\/transparencia.uncoma.edu.ar\/wp-content\/uploads\/2025\/06\/cropped-Portal-de-Transparencia-Lupa-1-180x180.png 180w, https:\/\/transparencia.uncoma.edu.ar\/wp-content\/uploads\/2025\/06\/cropped-Portal-de-Transparencia-Lupa-1-32x32.png 32w\" sizes=\"(max-width: 512px) 100vw, 512px\" \/>\t\t\t\t\t\t\t\t\t\t\t\t\t\t\t<\/div>\n\t\t\t\t\t<\/div>\n\t\t\t\t<\/div>\n\t\t\t\t\t\t\t\t<\/div>\r\n\t\t\t\t\t\t\t\t<\/div>\r\n\t\t<\/div>\r\n\t\t\t\t\t\t<\/div>\n\t\t\t\t<\/div>\n\t\t\t\t<\/div>\n\t\t\t\t\t<\/div>\n\t\t\t\t<\/div>\n\t\t<div class=\"elementor-element elementor-element-03eedc4 e-flex e-con-boxed e-con e-parent\" data-id=\"03eedc4\" data-element_type=\"container\" data-e-type=\"container\">\n\t\t\t\t\t<div class=\"e-con-inner\">\n\t\t\t\t<div class=\"elementor-element elementor-element-cb14787 elementor-widget elementor-widget-google_maps\" data-id=\"cb14787\" data-element_type=\"widget\" data-e-type=\"widget\" data-widget_type=\"google_maps.default\">\n\t\t\t\t\t\t\t<div class=\"elementor-custom-embed\">\n\t\t\t<iframe loading=\"lazy\"\n\t\t\t\t\tsrc=\"https:\/\/maps.google.com\/maps?q=Universidad%20nacional%20del%20comahue&#038;t=m&#038;z=10&#038;output=embed&#038;iwloc=near\"\n\t\t\t\t\ttitle=\"Universidad nacional del comahue\"\n\t\t\t\t\taria-label=\"Universidad nacional del comahue\"\n\t\t\t><\/iframe>\n\t\t<\/div>\n\t\t\t\t\t\t<\/div>\n\t\t\t\t\t<\/div>\n\t\t\t\t<\/div>\n\t\t\t\t<\/div>\n\t\t","protected":false},"excerpt":{"rendered":"<p>Informaci\u00f3n Pasos para solicitar informaci\u00f3n: Ve al sitio web donde se encuentra el formulario de contacto. Llena los campos requeridos, como: Nombre Correo electr\u00f3nico Asunto o motivo del contacto Mensaje Escribe un mensaje claro y espec\u00edfico con lo que deseas saber. Env\u00eda el formulario y espera la respuesta al correo que hayas proporcionado. TEL\u00c9FONOS +54 [&hellip;]<\/p>\n","protected":false},"author":1,"featured_media":2063,"parent":0,"menu_order":0,"comment_status":"closed","ping_status":"closed","template":"","meta":{"footnotes":""},"class_list":["post-1042","page","type-page","status-publish","has-post-thumbnail","hentry"],"_links":{"self":[{"href":"https:\/\/transparencia.uncoma.edu.ar\/index.php\/wp-json\/wp\/v2\/pages\/1042","targetHints":{"allow":["GET"]}}],"collection":[{"href":"https:\/\/transparencia.uncoma.edu.ar\/index.php\/wp-json\/wp\/v2\/pages"}],"about":[{"href":"https:\/\/transparencia.uncoma.edu.ar\/index.php\/wp-json\/wp\/v2\/types\/page"}],"author":[{"embeddable":true,"href":"https:\/\/transparencia.uncoma.edu.ar\/index.php\/wp-json\/wp\/v2\/users\/1"}],"replies":[{"embeddable":true,"href":"https:\/\/transparencia.uncoma.edu.ar\/index.php\/wp-json\/wp\/v2\/comments?post=1042"}],"version-history":[{"count":170,"href":"https:\/\/transparencia.uncoma.edu.ar\/index.php\/wp-json\/wp\/v2\/pages\/1042\/revisions"}],"predecessor-version":[{"id":3927,"href":"https:\/\/transparencia.uncoma.edu.ar\/index.php\/wp-json\/wp\/v2\/pages\/1042\/revisions\/3927"}],"wp:featuredmedia":[{"embeddable":true,"href":"https:\/\/transparencia.uncoma.edu.ar\/index.php\/wp-json\/wp\/v2\/media\/2063"}],"wp:attachment":[{"href":"https:\/\/transparencia.uncoma.edu.ar\/index.php\/wp-json\/wp\/v2\/media?parent=1042"}],"curies":[{"name":"wp","href":"https:\/\/api.w.org\/{rel}","templated":true}]}}